{"id":6,"date":"2022-02-21T13:33:09","date_gmt":"2022-02-21T13:33:09","guid":{"rendered":"http:\/\/cirujanoplasticohn.com\/?page_id=6"},"modified":"2023-05-29T18:03:59","modified_gmt":"2023-05-29T18:03:59","slug":"inicio","status":"publish","type":"page","link":"https:\/\/cirujanoplasticohn.com\/","title":{"rendered":"Inicio"},"content":{"rendered":"\t\t<div data-elementor-type=\"wp-page\" data-elementor-id=\"6\" class=\"elementor elementor-6\">\n\t\t\t\t\t\t<section class=\"elementor-section elementor-top-section elementor-element elementor-element-1b2cab5 elementor-section-boxed elementor-section-height-default elementor-section-height-default\" data-id=\"1b2cab5\" data-element_type=\"section\" data-settings=\"{&quot;background_background&quot;:&quot;classic&quot;}\">\n\t\t\t\t\t\t<div class=\"elementor-container elementor-column-gap-extended\">\n\t\t\t\t\t<div class=\"elementor-column elementor-col-33 elementor-top-column elementor-element elementor-element-29eb649\" data-id=\"29eb649\" data-element_type=\"column\">\n\t\t\t<div class=\"elementor-widget-wrap elementor-element-populated\">\n\t\t\t\t\t\t<div class=\"elementor-element elementor-element-4fd3672 elementor-widget elementor-widget-heading\" data-id=\"4fd3672\" data-element_type=\"widget\" data-widget_type=\"heading.default\">\n\t\t\t\t<div class=\"elementor-widget-container\">\n\t\t\t\t\t<h1 class=\"elementor-heading-title elementor-size-default\">Dr. Oscar A. Rodr\u00edguez\u200b\u200b<\/h1>\t\t\t\t<\/div>\n\t\t\t\t<\/div>\n\t\t\t\t<div class=\"elementor-element elementor-element-c66f28d elementor-widget elementor-widget-text-editor\" data-id=\"c66f28d\" data-element_type=\"widget\" data-widget_type=\"text-editor.default\">\n\t\t\t\t<div class=\"elementor-widget-container\">\n\t\t\t\t\t\t\t\t\t<p>Cirujano Pl\u00e1stico y Reconstructivo con reconocimiento internacional\u200b\u200b<\/p>\t\t\t\t\t\t\t\t<\/div>\n\t\t\t\t<\/div>\n\t\t\t\t\t<\/div>\n\t\t<\/div>\n\t\t\t\t<div class=\"elementor-column elementor-col-33 elementor-top-column elementor-element elementor-element-5c2828d\" data-id=\"5c2828d\" data-element_type=\"column\">\n\t\t\t<div class=\"elementor-widget-wrap elementor-element-populated\">\n\t\t\t\t\t\t<div class=\"elementor-element elementor-element-376d5f1 elementor-widget elementor-widget-text-editor\" data-id=\"376d5f1\" data-element_type=\"widget\" data-widget_type=\"text-editor.default\">\n\t\t\t\t<div class=\"elementor-widget-container\">\n\t\t\t\t\t\t\t\t\t<p>Es un <b>apasionado de ayudar<\/b> a las personas a transformar sus vidas a trav\u00e9s de la cirug\u00eda pl\u00e1stica. Su filosof\u00eda de trabajo es proveer en todo tiempo una <b>atenci\u00f3n y cuidado especializado<\/b> a sus pacientes en un ambiente altamente profesional.<\/p><p>Ello ha hecho que el<b> Dr. Oscar Rodr\u00edguez<\/b>\u00a0 se establezca como una<b> autoridad de la cirug\u00eda pl\u00e1stica<\/b> en la regi\u00f3n, poniendo a la disposici\u00f3n de sus pacientes una gama de tratamientos \u00fanicos con la tecnolog\u00eda m\u00e1s moderna a trav\u00e9s de <b>Cirug\u00eda Est\u00e9tica Honduras<\/b>.<\/p><p>Su experiencia, capacidad, entrega y prestigio, garantizan <b>resultados exitosos<\/b> en cada paciente atendido.<\/p>\t\t\t\t\t\t\t\t<\/div>\n\t\t\t\t<\/div>\n\t\t\t\t\t<\/div>\n\t\t<\/div>\n\t\t\t\t<div class=\"elementor-column elementor-col-33 elementor-top-column elementor-element elementor-element-44204e6\" data-id=\"44204e6\" data-element_type=\"column\">\n\t\t\t<div class=\"elementor-widget-wrap elementor-element-populated\">\n\t\t\t\t\t\t<div class=\"elementor-element elementor-element-83636b9 elementor-widget elementor-widget-image\" data-id=\"83636b9\" data-element_type=\"widget\" data-widget_type=\"image.default\">\n\t\t\t\t<div class=\"elementor-widget-container\">\n\t\t\t\t\t\t\t\t\t\t\t\t\t\t\t<img fetchpriority=\"high\" decoding=\"async\" width=\"658\" height=\"1000\" src=\"https:\/\/cirujanoplasticohn.com\/wp-content\/uploads\/2022\/02\/dr-oscar-a-rodriguez.png\" class=\"attachment-medium_large size-medium_large wp-image-22\" alt=\"Dr Oscar A. Rodr\u00edguez\" srcset=\"https:\/\/cirujanoplasticohn.com\/wp-content\/uploads\/2022\/02\/dr-oscar-a-rodriguez.png 658w, https:\/\/cirujanoplasticohn.com\/wp-content\/uploads\/2022\/02\/dr-oscar-a-rodriguez-197x300.png 197w\" sizes=\"(max-width: 658px) 100vw, 658px\" \/>\t\t\t\t\t\t\t\t\t\t\t\t\t\t\t<\/div>\n\t\t\t\t<\/div>\n\t\t\t\t\t<\/div>\n\t\t<\/div>\n\t\t\t\t\t<\/div>\n\t\t<\/section>\n\t\t\t\t<section class=\"elementor-section elementor-top-section elementor-element elementor-element-c393b9b elementor-section-boxed elementor-section-height-default elementor-section-height-default\" data-id=\"c393b9b\" data-element_type=\"section\" data-settings=\"{&quot;background_background&quot;:&quot;classic&quot;}\">\n\t\t\t\t\t\t<div class=\"elementor-container elementor-column-gap-default\">\n\t\t\t\t\t<div class=\"elementor-column elementor-col-33 elementor-top-column elementor-element elementor-element-9e8cdab\" data-id=\"9e8cdab\" data-element_type=\"column\">\n\t\t\t<div class=\"elementor-widget-wrap elementor-element-populated\">\n\t\t\t\t\t\t<div class=\"elementor-element elementor-element-55b2839 elementor-widget elementor-widget-heading\" data-id=\"55b2839\" data-element_type=\"widget\" data-widget_type=\"heading.default\">\n\t\t\t\t<div class=\"elementor-widget-container\">\n\t\t\t\t\t<p class=\"elementor-heading-title elementor-size-default\">Miembro de:<\/p>\t\t\t\t<\/div>\n\t\t\t\t<\/div>\n\t\t\t\t\t<\/div>\n\t\t<\/div>\n\t\t\t\t<div class=\"elementor-column elementor-col-66 elementor-top-column elementor-element elementor-element-9c78738\" data-id=\"9c78738\" data-element_type=\"column\">\n\t\t\t<div class=\"elementor-widget-wrap elementor-element-populated\">\n\t\t\t\t\t\t<section class=\"elementor-section elementor-inner-section elementor-element elementor-element-c7063a5 elementor-section-boxed elementor-section-height-default elementor-section-height-default\" data-id=\"c7063a5\" data-element_type=\"section\">\n\t\t\t\t\t\t<div class=\"elementor-container elementor-column-gap-default\">\n\t\t\t\t\t<div class=\"elementor-column elementor-col-33 elementor-inner-column elementor-element elementor-element-52624c0\" data-id=\"52624c0\" data-element_type=\"column\">\n\t\t\t<div class=\"elementor-widget-wrap elementor-element-populated\">\n\t\t\t\t\t\t<div class=\"elementor-element elementor-element-85c41a6 elementor-widget elementor-widget-image\" data-id=\"85c41a6\" data-element_type=\"widget\" data-widget_type=\"image.default\">\n\t\t\t\t<div class=\"elementor-widget-container\">\n\t\t\t\t\t\t\t\t\t\t\t\t\t\t\t\t<a href=\"https:\/\/www.plasticsurgery.org\/\" target=\"_blank\">\n\t\t\t\t\t\t\t<img decoding=\"async\" src=\"https:\/\/cirujanoplasticohn.com\/wp-content\/uploads\/elementor\/thumbs\/ASPS_Int_-logo_color-pkvf8oeqge63wi7oe2xps1745erk15d6wu50hpuvdo.png\" title=\"American Society Of Plastic Surgeons\" alt=\"American Society Of Plastic Surgeons\" loading=\"lazy\" \/>\t\t\t\t\t\t\t\t<\/a>\n\t\t\t\t\t\t\t\t\t\t\t\t\t\t\t<\/div>\n\t\t\t\t<\/div>\n\t\t\t\t\t<\/div>\n\t\t<\/div>\n\t\t\t\t<div class=\"elementor-column elementor-col-33 elementor-inner-column elementor-element elementor-element-4ac4299\" data-id=\"4ac4299\" data-element_type=\"column\">\n\t\t\t<div class=\"elementor-widget-wrap elementor-element-populated\">\n\t\t\t\t\t\t<div class=\"elementor-element elementor-element-576a1de elementor-widget elementor-widget-image\" data-id=\"576a1de\" data-element_type=\"widget\" data-widget_type=\"image.default\">\n\t\t\t\t<div class=\"elementor-widget-container\">\n\t\t\t\t\t\t\t\t\t\t\t\t\t\t\t\t<a href=\"https:\/\/www.filacp.org\/\" target=\"_blank\">\n\t\t\t\t\t\t\t<img decoding=\"async\" src=\"https:\/\/cirujanoplasticohn.com\/wp-content\/uploads\/elementor\/thumbs\/filacp-pkvf8pck1at6f43g14wrahje84j3wyv2b2hwwakv6w.png\" title=\"Federaci\u00f3n Ibero Latinoamericana de Cirug\u00eda Pl\u00e1stica\" alt=\"Federaci\u00f3n Ibero Latinoamericana de Cirug\u00eda Pl\u00e1stica\" loading=\"lazy\" \/>\t\t\t\t\t\t\t\t<\/a>\n\t\t\t\t\t\t\t\t\t\t\t\t\t\t\t<\/div>\n\t\t\t\t<\/div>\n\t\t\t\t\t<\/div>\n\t\t<\/div>\n\t\t\t\t<div class=\"elementor-column elementor-col-33 elementor-inner-column elementor-element elementor-element-d03f728\" data-id=\"d03f728\" data-element_type=\"column\">\n\t\t\t<div class=\"elementor-widget-wrap elementor-element-populated\">\n\t\t\t\t\t\t<div class=\"elementor-element elementor-element-a84ce35 elementor-widget elementor-widget-image\" data-id=\"a84ce35\" data-element_type=\"widget\" data-widget_type=\"image.default\">\n\t\t\t\t<div class=\"elementor-widget-container\">\n\t\t\t\t\t\t\t\t\t\t\t\t\t\t\t<img decoding=\"async\" src=\"https:\/\/cirujanoplasticohn.com\/wp-content\/uploads\/elementor\/thumbs\/scph-300x98-1-pkvf8pckn86triu0winvtf4kcy6pyyhqnhany1ai5w.png\" title=\"Sociedad de Cirug\u00eda Pl\u00e1stica de Honduras\" alt=\"Sociedad de Cirug\u00eda Pl\u00e1stica de Honduras\" loading=\"lazy\" \/>\t\t\t\t\t\t\t\t\t\t\t\t\t\t\t<\/div>\n\t\t\t\t<\/div>\n\t\t\t\t\t<\/div>\n\t\t<\/div>\n\t\t\t\t\t<\/div>\n\t\t<\/section>\n\t\t\t\t\t<\/div>\n\t\t<\/div>\n\t\t\t\t\t<\/div>\n\t\t<\/section>\n\t\t\t\t<section class=\"elementor-section elementor-top-section elementor-element elementor-element-0c851cb elementor-section-boxed elementor-section-height-default elementor-section-height-default\" data-id=\"0c851cb\" data-element_type=\"section\" data-settings=\"{&quot;background_background&quot;:&quot;classic&quot;}\">\n\t\t\t\t\t\t<div class=\"elementor-container elementor-column-gap-default\">\n\t\t\t\t\t<div class=\"elementor-column elementor-col-33 elementor-top-column elementor-element elementor-element-6340a57\" data-id=\"6340a57\" data-element_type=\"column\">\n\t\t\t<div class=\"elementor-widget-wrap elementor-element-populated\">\n\t\t\t\t\t\t<div class=\"elementor-element elementor-element-f2c6531 elementor-widget elementor-widget-heading\" data-id=\"f2c6531\" data-element_type=\"widget\" data-widget_type=\"heading.default\">\n\t\t\t\t<div class=\"elementor-widget-container\">\n\t\t\t\t\t<h2 class=\"elementor-heading-title elementor-size-default\">Experiencia internacional<\/h2>\t\t\t\t<\/div>\n\t\t\t\t<\/div>\n\t\t\t\t\t<\/div>\n\t\t<\/div>\n\t\t\t\t<div class=\"elementor-column elementor-col-66 elementor-top-column elementor-element elementor-element-ca6b3b4\" data-id=\"ca6b3b4\" data-element_type=\"column\">\n\t\t\t<div class=\"elementor-widget-wrap elementor-element-populated\">\n\t\t\t\t\t\t<div class=\"elementor-element elementor-element-88db84c elementor-widget elementor-widget-text-editor\" data-id=\"88db84c\" data-element_type=\"widget\" data-widget_type=\"text-editor.default\">\n\t\t\t\t<div class=\"elementor-widget-container\">\n\t\t\t\t\t\t\t\t\t<ul><li>ICOPLAST 2nd W World Congress DUBAI 2023<\/li><li>ASPS Spring Meeting USA 2023<\/li><li>Plastic Surgery The Meeting (PSTM) USA 2023\u00a0<\/li><li>ISAPS World Congress Istambul, Turqu\u00eda\u00a0<\/li><li>The Rhinoplasty Symposium USA 2022\u00a0<\/li><li>PASM, ASPRS, Asociaci\u00f3n\u00a0\u00a0Singapur de Cirujanos Pl\u00e1sticos, Hospital General Singapur<\/li><li>FSPS Florida Society of Plastic Surgeons Forum, Palm Beach Florida USA<\/li><li>Cirug\u00eda Pl\u00e1stica en Vivo State of Art ECMEC,\u00a0\u00a0Monte-Carlo M\u00f3naco<\/li><li>MCA LIVE LIVE\u00a0\u00a0Practica ECMEC, Monte-Carlo M\u00f3naco<\/li><li>IMCAS Paris, Francia<\/li><li>ESPRS Sociedad Egipcia de Cirujanos Pl\u00e1sticos y Reconstructivos , Luxor Egipto<\/li><li>Seguridad del paciente y prevenci\u00f3n de complicaciones ISAPS, Barcelona, Espa\u00f1a<\/li><li>MENA RC 4, Aman Jordan\u00a0\u00a0<\/li><li>PRS, T\u00e9cnicas Modernas Cirug\u00eda Est\u00e9tica,\u00a0\u00a0Se\u00fal, Corea del Sur<\/li><li>Meeting OSI, Bogot\u00e1 Colombia<\/li><li>Meeting OSI, Panam\u00e1<\/li><li>Meeting OSI, Virginia USA<\/li><li>Training Facial Surgery, Philladelpia, USA<\/li><li>Misiones Internacionales ad honorem de Operaci\u00f3n Sonrisa en: Nicaragua, Rep\u00fablica Dominicana.<\/li><\/ul>\t\t\t\t\t\t\t\t<\/div>\n\t\t\t\t<\/div>\n\t\t\t\t\t<\/div>\n\t\t<\/div>\n\t\t\t\t\t<\/div>\n\t\t<\/section>\n\t\t\t\t<section class=\"elementor-section elementor-top-section elementor-element elementor-element-5bf2044 elementor-reverse-mobile elementor-section-boxed elementor-section-height-default elementor-section-height-default\" data-id=\"5bf2044\" data-element_type=\"section\" data-settings=\"{&quot;background_background&quot;:&quot;classic&quot;}\">\n\t\t\t\t\t\t<div class=\"elementor-container elementor-column-gap-default\">\n\t\t\t\t\t<div class=\"elementor-column elementor-col-66 elementor-top-column elementor-element elementor-element-4d6398a\" data-id=\"4d6398a\" data-element_type=\"column\">\n\t\t\t<div class=\"elementor-widget-wrap elementor-element-populated\">\n\t\t\t\t\t\t<div class=\"elementor-element elementor-element-07bed60 elementor-widget elementor-widget-text-editor\" data-id=\"07bed60\" data-element_type=\"widget\" data-widget_type=\"text-editor.default\">\n\t\t\t\t<div class=\"elementor-widget-container\">\n\t\t\t\t\t\t\t\t\t<ul><li>Director en Cirug\u00eda Est\u00e9tica Honduras<\/li><li>Director M\u00e9dico de Operaci\u00f3n Sonrisa<\/li><li>Cirujano Pl\u00e1stico en FUNDANIQUEM Fundaci\u00f3n del Nino Quemado<\/li><li>M\u00e9dico de Cirug\u00eda Pl\u00e1stica en Hospital Materno Infantil de Honduras<\/li><li>M\u00e9dico \u00c1rea de Cirug\u00eda IHSS Jefe de Sala Cirug\u00eda<\/li><li>M\u00e9dico Cirug\u00eda Pl\u00e1stica en \u00e1rea de Emergencia de Hospital Escuela<\/li><li>M\u00e9dico Residente en Hospital Viera, Honduras.<\/li><li>Residente del Postgrado de Cirug\u00eda Oncol\u00f3gica<\/li><li>Residente del Postgrado de Cirug\u00eda General<\/li><\/ul>\t\t\t\t\t\t\t\t<\/div>\n\t\t\t\t<\/div>\n\t\t\t\t\t<\/div>\n\t\t<\/div>\n\t\t\t\t<div class=\"elementor-column elementor-col-33 elementor-top-column elementor-element elementor-element-f6b4709\" data-id=\"f6b4709\" data-element_type=\"column\">\n\t\t\t<div class=\"elementor-widget-wrap elementor-element-populated\">\n\t\t\t\t\t\t<div class=\"elementor-element elementor-element-f50365c elementor-widget elementor-widget-heading\" data-id=\"f50365c\" data-element_type=\"widget\" data-widget_type=\"heading.default\">\n\t\t\t\t<div class=\"elementor-widget-container\">\n\t\t\t\t\t<h2 class=\"elementor-heading-title elementor-size-default\">Trayectoria en Honduras<\/h2>\t\t\t\t<\/div>\n\t\t\t\t<\/div>\n\t\t\t\t\t<\/div>\n\t\t<\/div>\n\t\t\t\t\t<\/div>\n\t\t<\/section>\n\t\t\t\t<section class=\"elementor-section elementor-top-section elementor-element elementor-element-fb3af88 elementor-section-boxed elementor-section-height-default elementor-section-height-default\" data-id=\"fb3af88\" data-element_type=\"section\" data-settings=\"{&quot;background_background&quot;:&quot;classic&quot;}\">\n\t\t\t\t\t\t<div class=\"elementor-container elementor-column-gap-default\">\n\t\t\t\t\t<div class=\"elementor-column elementor-col-33 elementor-top-column elementor-element elementor-element-f5bde8d\" data-id=\"f5bde8d\" data-element_type=\"column\">\n\t\t\t<div class=\"elementor-widget-wrap elementor-element-populated\">\n\t\t\t\t\t\t<div class=\"elementor-element elementor-element-39485c6 elementor-widget elementor-widget-heading\" data-id=\"39485c6\" data-element_type=\"widget\" data-widget_type=\"heading.default\">\n\t\t\t\t<div class=\"elementor-widget-container\">\n\t\t\t\t\t<h2 class=\"elementor-heading-title elementor-size-default\">Formaci\u00f3n Acad\u00e9mica<\/h2>\t\t\t\t<\/div>\n\t\t\t\t<\/div>\n\t\t\t\t\t<\/div>\n\t\t<\/div>\n\t\t\t\t<div class=\"elementor-column elementor-col-66 elementor-top-column elementor-element elementor-element-48b5550\" data-id=\"48b5550\" data-element_type=\"column\">\n\t\t\t<div class=\"elementor-widget-wrap elementor-element-populated\">\n\t\t\t\t\t\t<div class=\"elementor-element elementor-element-d377b54 elementor-widget elementor-widget-text-editor\" data-id=\"d377b54\" data-element_type=\"widget\" data-widget_type=\"text-editor.default\">\n\t\t\t\t<div class=\"elementor-widget-container\">\n\t\t\t\t\t\t\t\t\t<ul><li>Egresado de la UNAH con el T\u00edtulo de Doctor en Medicina y Cirug\u00eda General.<\/li><li>Especialista en Cirug\u00eda General.<\/li><li>Sub Especialidad en Cirug\u00eda Pl\u00e1stica y Reconstructiva.<\/li><li>Certificado Maxilofacial realizado en Hospital Escuela de Honduras.<\/li><li>Especialidad Centro de Quemados Alexander en Hillcrest Medical Center, Tulsa, Oklahoma, USA.<\/li><li>Microcirug\u00eda Columbia University Orthopaedics\u00a0Hospital, NY, USA.<\/li><\/ul><p><!-- \/wp:paragraph --><\/p>\t\t\t\t\t\t\t\t<\/div>\n\t\t\t\t<\/div>\n\t\t\t\t\t<\/div>\n\t\t<\/div>\n\t\t\t\t\t<\/div>\n\t\t<\/section>\n\t\t\t\t<\/div>\n\t\t","protected":false},"excerpt":{"rendered":"<p>Dr. Oscar A. Rodr\u00edguez\u200b\u200b Cirujano Pl\u00e1stico y Reconstructivo con reconocimiento internacional\u200b\u200b Es un apasionado de ayudar a las personas a transformar sus vidas a trav\u00e9s de la cirug\u00eda pl\u00e1stica. Su filosof\u00eda de trabajo es proveer en todo tiempo una atenci\u00f3n y cuidado especializado a sus pacientes en un ambiente altamente profesional. Ello ha hecho que [&hellip;]<\/p>\n","protected":false},"author":1,"featured_media":0,"parent":0,"menu_order":0,"comment_status":"closed","ping_status":"closed","template":"elementor_header_footer","meta":{"footnotes":""},"class_list":["post-6","page","type-page","status-publish","hentry"],"blocksy_meta":{"styles_descriptor":{"styles":{"desktop":"","tablet":"","mobile":""},"google_fonts":[],"version":6}},"_links":{"self":[{"href":"https:\/\/cirujanoplasticohn.com\/index.php\/wp-json\/wp\/v2\/pages\/6","targetHints":{"allow":["GET"]}}],"collection":[{"href":"https:\/\/cirujanoplasticohn.com\/index.php\/wp-json\/wp\/v2\/pages"}],"about":[{"href":"https:\/\/cirujanoplasticohn.com\/index.php\/wp-json\/wp\/v2\/types\/page"}],"author":[{"embeddable":true,"href":"https:\/\/cirujanoplasticohn.com\/index.php\/wp-json\/wp\/v2\/users\/1"}],"replies":[{"embeddable":true,"href":"https:\/\/cirujanoplasticohn.com\/index.php\/wp-json\/wp\/v2\/comments?post=6"}],"version-history":[{"count":61,"href":"https:\/\/cirujanoplasticohn.com\/index.php\/wp-json\/wp\/v2\/pages\/6\/revisions"}],"predecessor-version":[{"id":95,"href":"https:\/\/cirujanoplasticohn.com\/index.php\/wp-json\/wp\/v2\/pages\/6\/revisions\/95"}],"wp:attachment":[{"href":"https:\/\/cirujanoplasticohn.com\/index.php\/wp-json\/wp\/v2\/media?parent=6"}],"curies":[{"name":"wp","href":"https:\/\/api.w.org\/{rel}","templated":true}]}}